{"id":3757,"date":"2014-06-09T16:36:48","date_gmt":"2014-06-09T16:36:48","guid":{"rendered":"http:\/\/burak-aydin.com\/wp-newsmag\/?page_id=1719"},"modified":"2021-06-02T10:32:14","modified_gmt":"2021-06-02T07:32:14","slug":"homepage","status":"publish","type":"page","link":"https:\/\/risaleforum.net\/blog\/","title":{"rendered":""},"content":{"rendered":"\n<h1 class=\"wp-block-heading\">Ana Sayfa &#8211; Biz Kimiz<\/h1>\n\n\n\n<div class=\"wp-block-image\"><figure class=\"aligncenter size-large\"><img loading=\"lazy\" decoding=\"async\" width=\"631\" height=\"203\" src=\"https:\/\/www.risaleforum.net\/blog\/images\/besmele.jpg\" alt=\"Bismillahirrahmanirrahim\" class=\"wp-image-824870\" srcset=\"https:\/\/risaleforum.net\/blog\/images\/besmele.jpg 631w, https:\/\/risaleforum.net\/blog\/images\/besmele-300x97.jpg 300w\" sizes=\"auto, (max-width: 631px) 100vw, 631px\" \/><figcaption>besmele<\/figcaption><\/figure><\/div>\n\n\n\n<p><br><strong>Tevbe Suresi\u2019nde cennetliklerin vas\u0131flar\u0131n\u0131 sayarken:<\/strong><br><strong>\u201c\u2026el Emirune bil m\u00e2\u2019rufi ven Neh\u00fbne anil m\u00fcnker\u2026\u201d<\/strong><br>yani<br><strong>\u201c\u2026iyili\u011fi emredip k\u00f6t\u00fcl\u00fckten al\u0131koyanlar\u2026\u201d<\/strong><br><strong>buyurmaktad\u0131r. Nahl Suresi\u2019nde de:<\/strong><br><strong>\u201cSen Rabbinin yoluna hikmet ve g\u00fczel \u00f6\u011f\u00fctle \u00e7a\u011f\u0131r\u201d<\/strong><br><strong>ve T\u00fbr Suresi\u2019nde ise<\/strong><br><strong>\u201cAhk\u00e2m-\u0131 \u0130lahiyeyi tebli\u011f et.\u201d<\/strong><br><strong>Buyrulmaktad\u0131r.<\/strong><br><strong>Peygamberlerin bu tebli\u011f vazifesi<\/strong><\/p>\n\n\n\n<p><strong>\u201c\u0130yili\u011fi emret, k\u00f6t\u00fcl\u00fc\u011f\u00fc nehyet\u201d&nbsp;(Emr-i bil ma\u2019ruf, nehy-i anil m\u00fcnker)<\/strong><\/p>\n\n\n\n<p><strong>emri ile her bir m\u00fc\u2019minin m\u00fckellefiyetleri aras\u0131na dahil olmu\u015ftur.<\/strong><\/p>\n\n\n\n<p><strong>Bu vazifeyi Bedi\u00fczzaman Hazretleri:<\/strong><\/p>\n\n\n\n<h1 class=\"wp-block-heading\"><strong>\u201cHer bir m\u00fc\u2019min i\u2019l\u00e2-i Kelimetullah ile m\u00fckelleftir.\u201d<\/strong><\/h1>\n\n\n\n<p><strong>S\u00f6z\u00fc ile ifade etmi\u015ftir. Akabinde de bu tebli\u011fin nas\u0131l ve ne tarzda yap\u0131lmas\u0131 gerekti\u011fini;<\/strong><\/p>\n\n\n\n<p><strong>\u201c\u2026Biz de fen ve san\u2019at sil\u00e2hiyle i\u2019l\u00e2-y\u0131 Kelimetullah\u0131n en m\u00fcdhi\u015f d\u00fc\u015fman\u0131 olan cehil ve fakr ve ihtilaf-\u0131 efk\u00e2ra cihad edece\u011fiz.<br>\u2026medenilere galebe \u00e7almak ikna iledir. S\u00f6z anlamayan vah\u015filer gibi icbar ile de\u011fildir. Biz muhabbet fed\u00e2ileriyiz. Husumete vaktimiz yoktur.\u201d&nbsp;(Divan-\u0131 Harb-i \u00d6rfi)<\/strong><\/p>\n\n\n\n<p><strong>\u015eeklinde izah etmi\u015ftir.<br><br>Tebli\u011f tarz\u0131 Asr-\u0131 Saadet\u2019ten g\u00fcn\u00fcm\u00fcze zaman ve mekan\u0131n iktizas\u0131 nisbetinde de\u011fi\u015fiklikler arzetmi\u015ftir.<br>K\u00e2h yak\u0131n \u00e7evrede, k\u00e2h yabanc\u0131 memleketlerde\u2026<br>K\u00e2h konu\u015fmak suretiyle, k\u00e2h hal diliyle, k\u00e2h da matbuat lisaniyle..<br>Teknolojik geli\u015fmeler de bu hizmete hem yeni bir soluk hem de bir ivme kazand\u0131rm\u0131\u015ft\u0131r. Bu geli\u015fmeler neticesinde internet ad\u0131 verilen yeni bir alem te\u015fekk\u00fcl etmi\u015ftir. Ve tebli\u011f, art\u0131k bu d\u00fcnyada da h\u0131zla yay\u0131lmaktad\u0131r.<br><br>Mal\u00fbmdur ki, siber alem olarak da bilinen bu teknoloji, d\u00fcnyayla birlikte T\u00fcrkiye\u2019de de kabul g\u00f6rm\u00fc\u015f ve \u00f6zellikle de son y\u0131llarda bu d\u00fcnyayla tan\u0131\u015fan insanlar\u0131n say\u0131s\u0131 katlanarak artm\u0131\u015ft\u0131r. \u0130nsanlar g\u00fcnl\u00fck hayatta yapt\u0131klar\u0131 pek \u00e7ok i\u015fi art\u0131k internet \u00fczerinden ger\u00e7ekle\u015ftirmekte ve herhangi bir bilgiye \u00e7ok k\u0131sa bir zaman zarf\u0131nda ula\u015fabilmektedirler. Lakin edinilen bu bilgilerin s\u0131hhati, tart\u0131\u015fma konusu olmaktan kurtulabilmi\u015f de\u011fildir. Bu sebeple do\u011fru bilgiyi internet kullan\u0131c\u0131lar\u0131na sunman\u0131n gereklili\u011fine inanan ve internet aleminde ger\u00e7ekle\u015ftirilen tebli\u011f ve hizmete destek olma mecburiyetini hisseden g\u00f6n\u00fcll\u00fc bir kadro,&nbsp;<a rel=\"noreferrer noopener\" href=\"http:\/\/www.risaleforum.net\/\" target=\"_blank\">www.risaleforum.net\/blog<\/a>&nbsp;web sitesiyle 01.01.2005\u2019te yay\u0131n hayat\u0131na at\u0131lm\u0131\u015ft\u0131r.<br><br>Temess\u00fcl s\u0131rr\u0131yla, bir yerde ne tarz faaliyet yap\u0131l\u0131yorsa, o yerin havas\u0131 o \u00f6l\u00e7\u00fcde de\u011fi\u015fir ve o manevi hava cisimle\u015fir. \u0130nternet d\u00fcnyas\u0131nda da vaziyetin bu \u015fekilde olmas\u0131 kuvvetli muhtemeldir. T\u00fcm bunlar\u0131n fark\u0131nda olan bir ekip taraf\u0131ndan haz\u0131rlanan bu site, internet alemindeki kesafetin ehl-i iman\u0131n nuruyla ayd\u0131nlanmas\u0131 maksad\u0131n\u0131 t\u00fcm benli\u011finde ta\u015f\u0131maktad\u0131r.<br><br>Bu zamanda cihad\u0131n Kur\u2019an\u2019\u0131n manevi elmas k\u0131l\u0131nc\u0131yla yap\u0131lmas\u0131 gerekti\u011fine, kalemin k\u0131l\u0131\u00e7tan keskin oldu\u011funa ve i\u00e7inde ya\u015fad\u0131\u011f\u0131m\u0131z pozitivist (isbatiyeci) as\u0131rda tebli\u011fin en iyi \u015feklinin Risale-i Nur\u2019un izah ve isbat tarz\u0131 oldu\u011funa inanan ekibimiz,<\/strong><\/p>\n\n\n\n<h2 class=\"wp-block-heading\"><strong>\u201cD\u00fc\u015fman\u0131n silah\u0131yla silahlan\u0131n\u0131z.\u201d<\/strong><\/h2>\n\n\n\n<p><strong>Hadisine imtisalen internet hizmetlerinde Risale-i Nur tarz\u0131 ile ilerlemeyi kendine gaye edinmi\u015ftir.<br><br>Gen\u00e7 olu\u015fumlu bir site olan&nbsp;<a rel=\"noreferrer noopener\" href=\"http:\/\/www.risaleforum.net\/\" target=\"_blank\">www.risaleforum.net\/blog<\/a>&nbsp;, kendini di\u011fer t\u00fcm \u0130slam\u00ee sitelerle dost ve karde\u015f ittihaz etmektedir.<\/strong><\/p>\n\n\n\n<p><strong>Sitemiz b\u00fcnyesinde bar\u0131nd\u0131rd\u0131\u011f\u0131 g\u00f6n\u00fcll\u00fc \u00e7al\u0131\u015fanlar\u0131 zaman i\u00e7inde art\u0131rmay\u0131 hedeflemekte ve bu hizmete i\u015ftirak etmek isteyenleri kabul edece\u011fini beyan etmektedir. (Bu konu hakk\u0131nda geni\u015f bilgi i\u00e7in&nbsp;<a href=\"https:\/\/www.risaleforum.net\/blog\/contact-us\" target=\"_blank\" rel=\"noreferrer noopener\">L\u00fctfen T\u0131klay\u0131n\u0131z..<\/a>)<\/strong><\/p>\n\n\n\n<p><strong>\u2026 O cemaat, telsiz \u00e2letlerin \u00e2hizeleri h\u00fckm\u00fcnde, b\u00fct\u00fcn d\u00fcnyaya ders i\u015fittirmek istemek i\u015fareti ve hakikati ise, in\u015faallah tamam\u0131yla sonra \u00e7\u0131kacak. \u015eimdi efrad\u0131 birer k\u00fc\u00e7\u00fck \u00e7ekirdek iseler de, ileride tevfik-i \u0130l\u00e2h\u00ee ile birer \u015fecere-i \u00e2liye h\u00fckm\u00fcne ge\u00e7erler ve birer telsiz telgraf\u0131n merkezi olurlar. \u2026&nbsp;(28. Mektub)<\/strong><\/p>\n\n\n\n<p><strong>m\u00fcjdesine nail olmak temennisi ve En y\u00fcksek g\u00fcr sedan\u0131n \u0130slam\u2019\u0131n sedas\u0131 olaca\u011f\u0131 inanc\u0131yla\u2026<\/strong><\/p>\n\n\n\n<p><a rel=\"noreferrer noopener\" href=\"http:\/\/www.risaleforum.net\/\" target=\"_blank\">www.risaleforum.net\/blog<\/a>&nbsp;Y\u00f6netimi.<\/p>\n","protected":false},"excerpt":{"rendered":"<p>Ana Sayfa &#8211; Biz Kimiz Tevbe Suresi\u2019nde cennetliklerin vas\u0131flar\u0131n\u0131 sayarken:\u201c\u2026el Emirune bil m\u00e2\u2019rufi ven Neh\u00fbne anil m\u00fcnker\u2026\u201dyani\u201c\u2026iyili\u011fi emredip k\u00f6t\u00fcl\u00fckten al\u0131koyanlar\u2026\u201dbuyurmaktad\u0131r. Nahl Suresi\u2019nde de:\u201cSen Rabbinin yoluna hikmet ve g\u00fczel \u00f6\u011f\u00fctle \u00e7a\u011f\u0131r\u201dve T\u00fbr Suresi\u2019nde ise\u201cAhk\u00e2m-\u0131 \u0130lahiyeyi tebli\u011f et.\u201dBuyrulmaktad\u0131r.Peygamberlerin bu tebli\u011f vazifesi \u201c\u0130yili\u011fi emret, k\u00f6t\u00fcl\u00fc\u011f\u00fc nehyet\u201d&nbsp;(Emr-i bil ma\u2019ruf, nehy-i anil m\u00fcnker) emri ile her bir m\u00fc\u2019minin m\u00fckellefiyetleri aras\u0131na [&hellip;]<\/p>\n","protected":false},"author":100000,"featured_media":824870,"parent":0,"menu_order":2,"comment_status":"open","ping_status":"closed","template":"","meta":{"_bbp_topic_count":0,"_bbp_reply_count":0,"_bbp_total_topic_count":0,"_bbp_total_reply_count":0,"_bbp_voice_count":0,"_bbp_anonymous_reply_count":0,"_bbp_topic_count_hidden":0,"_bbp_reply_count_hidden":0,"_bbp_forum_subforum_count":0,"om_disable_all_campaigns":false,"_monsterinsights_skip_tracking":false,"_monsterinsights_sitenote_active":false,"_monsterinsights_sitenote_note":"","_monsterinsights_sitenote_category":0,"ngg_post_thumbnail":0,"footnotes":""},"class_list":["post-3757","page","type-page","status-publish","has-post-thumbnail","hentry"],"aioseo_notices":[],"_links":{"self":[{"href":"https:\/\/risaleforum.net\/blog\/wp-json\/wp\/v2\/pages\/3757","targetHints":{"allow":["GET"]}}],"collection":[{"href":"https:\/\/risaleforum.net\/blog\/wp-json\/wp\/v2\/pages"}],"about":[{"href":"https:\/\/risaleforum.net\/blog\/wp-json\/wp\/v2\/types\/page"}],"author":[{"embeddable":true,"href":"https:\/\/risaleforum.net\/blog\/wp-json\/wp\/v2\/users\/100000"}],"replies":[{"embeddable":true,"href":"https:\/\/risaleforum.net\/blog\/wp-json\/wp\/v2\/comments?post=3757"}],"version-history":[{"count":11,"href":"https:\/\/risaleforum.net\/blog\/wp-json\/wp\/v2\/pages\/3757\/revisions"}],"predecessor-version":[{"id":825066,"href":"https:\/\/risaleforum.net\/blog\/wp-json\/wp\/v2\/pages\/3757\/revisions\/825066"}],"wp:featuredmedia":[{"embeddable":true,"href":"https:\/\/risaleforum.net\/blog\/wp-json\/wp\/v2\/media\/824870"}],"wp:attachment":[{"href":"https:\/\/risaleforum.net\/blog\/wp-json\/wp\/v2\/media?parent=3757"}],"curies":[{"name":"wp","href":"https:\/\/api.w.org\/{rel}","templated":true}]}}